{"id":263,"date":"2019-01-12T19:24:30","date_gmt":"2019-01-12T18:24:30","guid":{"rendered":"http:\/\/venex.cz\/wp\/homepage\/"},"modified":"2021-10-07T21:00:44","modified_gmt":"2021-10-07T19:00:44","slug":"homepage","status":"publish","type":"page","link":"https:\/\/venex.cz\/de\/","title":{"rendered":"Homepage"},"content":{"rendered":"<p><!-- epsilon\/advanced-slider --><br \/>\n<!-- epsilon\/Slides --><br \/>\n<strong>V\u00edtejte na str\u00e1nk\u00e1ch spole\u010dnosti VENEX &#8211; kovo s r.o.<\/strong><br \/>\n32<br \/>\n16<br \/>\n100<br \/>\ncenter<br \/>\nalignmiddle<br \/>\n<img decoding=\"async\" src=\"http:\/\/venex.cz\/wp-content\/uploads\/2019\/01\/home-1600x600.png\" \/><br \/>\nKontaktieren Sie uns<\/p>\n<div class=\"responsive-video-container\">\n<blockquote class=\"wp-embedded-content\" data-secret=\"giCe63Dy3y\"><p><a href=\"https:\/\/venex.cz\/de\/kontakt\/\">Kontakt<\/a><\/p><\/blockquote>\n<p><iframe loading=\"lazy\" class=\"wp-embedded-content\" sandbox=\"allow-scripts\" security=\"restricted\" style=\"position: absolute; clip: rect(1px, 1px, 1px, 1px);\" title=\"&#8222;Kontakt&#8220; &#8212; Venex - kovo s r.o.\" src=\"https:\/\/venex.cz\/kontakt\/embed\/#?secret=B3Jsm5WvWd#?secret=giCe63Dy3y\" data-secret=\"giCe63Dy3y\" width=\"600\" height=\"338\" frameborder=\"0\" marginwidth=\"0\" marginheight=\"0\" scrolling=\"no\"><\/iframe><\/div>\n<p>#<br \/>\n<!-- \/epsilon\/Slides--><br \/>\n<!-- \/epsilon\/advanced-slider --><\/p>\n<p><!-- epsilon\/about --><br \/>\n\u00dcber uns<br \/>\nWAS MACHEN WIR?<br \/>\nDie Firma VENEX - kovo s.r.o.  (GmbH) besch\u00e4ftigt sich seit \u00fcber 25 Jahren mit der kundenspezifischen Metallproduktion.<br \/>\n<!-- \/epsilon\/about --><\/p>\n<p><!-- epsilon\/iconboxes --><br \/>\n{&#8222;top&#8220;:&#8220;0&#8243;,&#8220;right&#8220;:&#8220;0&#8243;,&#8220;bottom&#8220;:&#8220;0&#8243;,&#8220;left&#8220;:&#8220;0&#8243;,&#8220;unit&#8220;:&#8220;px&#8220;}<br \/>\n{&#8222;top&#8220;:&#8220;0&#8243;,&#8220;right&#8220;:&#8220;0&#8243;,&#8220;bottom&#8220;:&#8220;0&#8243;,&#8220;left&#8220;:&#8220;0&#8243;,&#8220;unit&#8220;:&#8220;px&#8220;}<br \/>\nabout<br \/>\n<!-- \/epsilon\/iconboxes --><\/p>\n<p><!-- epsilon\/pricing --><br \/>\nWas bieten wir an?<br \/>\nF\u00fcr Vereinbarung und Preiskalkulation k\u00f6nnen Sie uns <a href=\"http:\/\/venex.cz\/de\/kontakt\/\">kontaktieren<\/a>.<br \/>\n<!-- epsilon\/portum_price_boxes --><br \/>\n<!-- epsilon\/Price Boxes--><\/p>\n<h4 class=\"price-title\">Schwei\u00dfung<\/h4>\n<div class=\"price-box-description\">Unsere Zielrichtung<\/div>\n<div class=\"price-box-features\"><b>Herstellung von Pr\u00e4zisionsschwei\u00dfteilen gem\u00e4\u00df der mitgelieferten Zeichnungsdokumentation<\/b><\/p>\n<p><b>Einrichtungen von Unternehmen und Betriebshallen<\/b><br \/>\n<br \/>\nGeschwei\u00dfte Montagetische<br \/>\n<br \/>\nSchutzw\u00e4nde<\/p>\n<p><b>Einrichtung der Betriebsr\u00e4ume mit Manipulationstechnik<\/b><br \/>\n<br \/>\n(voz\u00edky, speci\u00e1ln\u00ed voz\u00edky do v\u00fdroby, jednoduch\u00e9 stroje, p\u0159\u00edpravky, &#8230;)<\/p>\n<p><b>Herstellung und Montage von Stahlkonstruktionen<\/b><\/p>\n<p><b>Schlosserei<\/b><br \/>\n<br \/>\nKlasick\u00e9 i stavebn\u00ed &#8211; schodi\u0161t\u011b, m\u0159\u00ed\u017ee, z\u00e1bradl\u00ed, branky a br\u00e1ny, mola<\/p>\n<p><b>Kommunalausr\u00fcstung <\/b><br \/>\n<br \/>\nB\u00e4nke, K\u00f6rbe, Freizeitger\u00e4te, Unterst\u00e4nde<\/p>\n<p><b>Austattung f\u00fcr Landvermesser<\/b><br \/>\n<br \/>\nGeod\u00e4tische Festpunkte<br \/>\n<br \/>\nHilfsmesspunkte<\/div>\n<p><!-- \/epsilon\/Price Boxes--><br \/>\n<!-- epsilon\/Price Boxes--><\/p>\n<h4 class=\"price-title\">Bearbeitung<\/h4>\n<div class=\"price-box-features\"><b>Drehmaschinenwerk<\/b><br \/>\n<br \/>\n<b>Metallfr\u00e4sen<\/b><br \/>\n<br \/>\nEinzehl-Produktion \/\nKundenwunsch-Produktion <\/p>\n<p><b>Wir liefern die Produkte inklusive Oberfl\u00e4chenbehandlung nach Kundenwunsch:<\/b><br \/>\n<br \/>\nPulverbeschichtung (Komaxit)<br \/>\n<br \/>\nFeuerverzinkung<br \/>\n<br \/>\nGalvanische Zinkbeschichtung<br \/>\n<br \/>\nEloxieren<br \/>\n<br \/>\nund andere\n<\/div>\n<p><!-- \/epsilon\/Price Boxes--><br \/>\n<!-- \/epsilon\/portum_price_boxes --><br \/>\nsluzby<br \/>\n<!-- \/epsilon\/pricing --><\/p>\n<p><!-- epsilon\/shortcodes --><br \/>\n\n\t\t<!-- MasterSlider -->\n\t\t<div id=\"P_MS69f3539a7a95c\" class=\"master-slider-parent msl ms-parent-id-2\" style=\"max-width:800px;\">\n\n\t\t\t\n\t\t\t<!-- MasterSlider Main -->\n\t\t\t<div id=\"MS69f3539a7a95c\" class=\"master-slider ms-skin-light-3\" >\n\t\t\t\t \t\t\t\t \n\t\t\t\t<div  class=\"ms-slide\" data-delay=\"3\" data-fill-mode=\"fill\"  >\n\t\t\t\t\t<img decoding=\"async\" src=\"https:\/\/venex.cz\/wp-content\/plugins\/master-slider\/public\/assets\/css\/blank.gif\" alt=\"\" title=\"\" data-src=\"https:\/\/venex.cz\/wp-content\/uploads\/2019\/01\/IMG_0560-1024x768.jpg\" \/>\n\n\n\t<div class=\"ms-thumb\" ><div class=\"ms-tab-context\"><div class=\"&quot;ms-tab-context&quot;\"><\/div><\/div>\n<\/div>\n\t\t\t\t<\/div>\n\t\t\t\t<div  class=\"ms-slide\" data-delay=\"3\" data-fill-mode=\"fill\"  >\n\t\t\t\t\t<img decoding=\"async\" src=\"https:\/\/venex.cz\/wp-content\/plugins\/master-slider\/public\/assets\/css\/blank.gif\" alt=\"\" title=\"\" data-src=\"https:\/\/venex.cz\/wp-content\/uploads\/2019\/01\/IMG_0996-1024x768.jpg\" \/>\n\n\n\t<div class=\"ms-thumb\" ><div class=\"ms-tab-context\"><div class=\"&quot;ms-tab-context&quot;\"><\/div><\/div>\n<\/div>\n\t\t\t\t<\/div>\n\t\t\t\t<div  class=\"ms-slide\" data-delay=\"3\" data-fill-mode=\"fill\"  >\n\t\t\t\t\t<img decoding=\"async\" src=\"https:\/\/venex.cz\/wp-content\/plugins\/master-slider\/public\/assets\/css\/blank.gif\" alt=\"\" title=\"\" data-src=\"https:\/\/venex.cz\/wp-content\/uploads\/2019\/01\/IMG_1775-1024x768.jpg\" \/>\n\n\n\t<div class=\"ms-thumb\" ><div class=\"ms-tab-context\"><div class=\"&quot;ms-tab-context&quot;\"><\/div><\/div>\n<\/div>\n\t\t\t\t<\/div>\n\t\t\t\t<div  class=\"ms-slide\" data-delay=\"3\" data-fill-mode=\"fill\"  >\n\t\t\t\t\t<img decoding=\"async\" src=\"https:\/\/venex.cz\/wp-content\/plugins\/master-slider\/public\/assets\/css\/blank.gif\" alt=\"\" title=\"\" data-src=\"https:\/\/venex.cz\/wp-content\/uploads\/2019\/01\/IMG_2318-1024x768.jpg\" \/>\n\n\n\t<div class=\"ms-thumb\" ><div class=\"ms-tab-context\"><div class=\"&quot;ms-tab-context&quot;\"><\/div><\/div>\n<\/div>\n\t\t\t\t<\/div>\n\t\t\t\t<div  class=\"ms-slide\" data-delay=\"3\" data-fill-mode=\"fill\"  >\n\t\t\t\t\t<img decoding=\"async\" src=\"https:\/\/venex.cz\/wp-content\/plugins\/master-slider\/public\/assets\/css\/blank.gif\" alt=\"\" title=\"\" data-src=\"https:\/\/venex.cz\/wp-content\/uploads\/2019\/01\/IMG_2763-1024x768.jpg\" \/>\n\n\n\t<div class=\"ms-thumb\" ><div class=\"ms-tab-context\"><div class=\"&quot;ms-tab-context&quot;\"><\/div><\/div>\n<\/div>\n\t\t\t\t<\/div>\n\t\t\t\t<div  class=\"ms-slide\" data-delay=\"3\" data-fill-mode=\"fill\"  >\n\t\t\t\t\t<img decoding=\"async\" src=\"https:\/\/venex.cz\/wp-content\/plugins\/master-slider\/public\/assets\/css\/blank.gif\" alt=\"\" title=\"\" data-src=\"https:\/\/venex.cz\/wp-content\/uploads\/2019\/01\/IMG_3147-1024x768.jpg\" \/>\n\n\n\t<div class=\"ms-thumb\" ><div class=\"ms-tab-context\"><div class=\"&quot;ms-tab-context&quot;\"><\/div><\/div>\n<\/div>\n\t\t\t\t<\/div>\n\n\t\t\t<\/div>\n\t\t\t<!-- END MasterSlider Main -->\n\n\t\t\t \n\t\t<\/div>\n\t\t<!-- END MasterSlider -->\n\n\t\t<script>\n\t\t(function ( $ ) {\n\t\t\t\"use strict\";\n\n\t\t\t$(function () {\n\t\t\t\tvar masterslider_a95c = new MasterSlider();\n\n\t\t\t\t\/\/ slider controls\n\t\t\t\tmasterslider_a95c.control('arrows'     ,{ autohide:true, overVideo:true  });\t\t\t\tmasterslider_a95c.control('bullets'    ,{ autohide:true, overVideo:true, dir:'h', align:'bottom' , margin:10  });\n\n\t\t\t\t\/\/ slider setup\n\t\t\t\tmasterslider_a95c.setup(\"MS69f3539a7a95c\", {\n\t\t\t\t\t\twidth           : 1024,\n\t\t\t\t\t\theight          : 768,\n\t\t\t\t\t\tminHeight       : 0,\n\t\t\t\t\t\tspace           : 0,\n\t\t\t\t\t\tstart           : 1,\n\t\t\t\t\t\tgrabCursor      : true,\n\t\t\t\t\t\tswipe           : true,\n\t\t\t\t\t\tmouse           : true,\n\t\t\t\t\t\tlayout          : \"boxed\",\n\t\t\t\t\t\twheel           : false,\n\t\t\t\t\t\tautoplay        : true,\n\t\t\t\t\t\tinstantStartLayers:false,\n\t\t\t\t\t\tloop            : true,\n\t\t\t\t\t\tshuffle         : false,\n\t\t\t\t\t\tpreload         : 0,\n\t\t\t\t\t\theightLimit     : true,\n\t\t\t\t\t\tautoHeight      : false,\n\t\t\t\t\t\tsmoothHeight    : true,\n\t\t\t\t\t\tendPause        : false,\n\t\t\t\t\t\toverPause       : true,\n\t\t\t\t\t\tfillMode        : \"fill\",\n\t\t\t\t\t\tcenterControls  : true,\n\t\t\t\t\t\tstartOnAppear   : false,\n\t\t\t\t\t\tlayersMode      : \"center\",\n\t\t\t\t\t\thideLayers      : false,\n\t\t\t\t\t\tfullscreenMargin: 0,\n\t\t\t\t\t\tspeed           : 20,\n\t\t\t\t\t\tdir             : \"h\",\n\t\t\t\t\t\tparallaxMode    : 'swipe',\n\t\t\t\t\t\tview            : \"basic\"\n\t\t\t\t});\n\n\t\t\t\t\n\t\t\t\twindow.masterslider_instances = window.masterslider_instances || [];\n\t\t\t\twindow.masterslider_instances.push( masterslider_a95c );\n\t\t\t });\n\n\t\t})(jQuery);\n\t\t<\/script>\n\n\ngallery<br \/>\n<!-- \/epsilon\/shortcodes --><\/p>","protected":false},"excerpt":{"rendered":"<p>V\u00edtejte na str\u00e1nk\u00e1ch spole\u010dnosti VENEX &#8211; kovo s r.o. 32 16 100 center alignmiddle Kontaktujte n\u00e1s Kontakt # O n\u00e1s \u010c\u00cdM SE ZAB\u00ddV\u00c1ME? Spole\u010dnost VENEX \u2013 kovo s.r.o. se zab\u00fdv\u00e1 zak\u00e1zkovou kovov\u00fdrobou p\u0159es 25 let. {&#8222;top&#8220;:&#8220;0&#8243;,&#8220;right&#8220;:&#8220;0&#8243;,&#8220;bottom&#8220;:&#8220;0&#8243;,&#8220;left&#8220;:&#8220;0&#8243;,&#8220;unit&#8220;:&#8220;px&#8220;} {&#8222;top&#8220;:&#8220;0&#8243;,&#8220;right&#8220;:&#8220;0&#8243;,&#8220;bottom&#8220;:&#8220;0&#8243;,&#8220;left&#8220;:&#8220;0&#8243;,&#8220;unit&#8220;:&#8220;px&#8220;} about Co v\u00e1m nab\u00edz\u00edme? Pro domluvu a kalkulaci n\u00e1s pros\u00edm kontaktujte. Sva\u0159ov\u00e1n\u00ed N\u00e1\u0161 hlavn\u00ed program V\u00fdroba p\u0159esn\u00fdch sva\u0159enc\u016f [&hellip;]<\/p>","protected":false},"author":1,"featured_media":0,"parent":0,"menu_order":0,"comment_status":"closed","ping_status":"closed","template":"","meta":{"footnotes":""},"class_list":["post-263","page","type-page","status-publish","hentry"],"yoast_head":"<!-- This site is optimized with the Yoast SEO plugin v20.4 - https:\/\/yoast.com\/wordpress\/plugins\/seo\/ -->\n<title>Homepage | Venex - kovo s r.o.<\/title>\n<meta name=\"robots\" content=\"index, follow, max-snippet:-1, max-image-preview:large, max-video-preview:-1\" \/>\n<link rel=\"canonical\" href=\"https:\/\/venex.cz\/de\/\" \/>\n<meta property=\"og:locale\" content=\"de_DE\" \/>\n<meta property=\"og:type\" content=\"article\" \/>\n<meta property=\"og:title\" content=\"Homepage | Venex - kovo s r.o.\" \/>\n<meta property=\"og:description\" content=\"V\u00edtejte na str\u00e1nk\u00e1ch spole\u010dnosti VENEX &#8211; kovo s r.o. 32 16 100 center alignmiddle Kontaktujte n\u00e1s Kontakt # O n\u00e1s \u010c\u00cdM SE ZAB\u00ddV\u00c1ME? Spole\u010dnost VENEX \u2013 kovo s.r.o. se zab\u00fdv\u00e1 zak\u00e1zkovou kovov\u00fdrobou p\u0159es 25 let. {&#8222;top&#8220;:&#8220;0&#8243;,&#8220;right&#8220;:&#8220;0&#8243;,&#8220;bottom&#8220;:&#8220;0&#8243;,&#8220;left&#8220;:&#8220;0&#8243;,&#8220;unit&#8220;:&#8220;px&#8220;} {&#8222;top&#8220;:&#8220;0&#8243;,&#8220;right&#8220;:&#8220;0&#8243;,&#8220;bottom&#8220;:&#8220;0&#8243;,&#8220;left&#8220;:&#8220;0&#8243;,&#8220;unit&#8220;:&#8220;px&#8220;} about Co v\u00e1m nab\u00edz\u00edme? Pro domluvu a kalkulaci n\u00e1s pros\u00edm kontaktujte. Sva\u0159ov\u00e1n\u00ed N\u00e1\u0161 hlavn\u00ed program V\u00fdroba p\u0159esn\u00fdch sva\u0159enc\u016f [&hellip;]\" \/>\n<meta property=\"og:url\" content=\"https:\/\/venex.cz\/de\/\" \/>\n<meta property=\"og:site_name\" content=\"Venex - kovo s r.o.\" \/>\n<meta property=\"article:modified_time\" content=\"2021-10-07T19:00:44+00:00\" \/>\n<meta property=\"og:image\" content=\"http:\/\/venex.cz\/wp-content\/uploads\/2019\/01\/home-1600x600.png\" \/>\n<meta name=\"twitter:card\" content=\"summary_large_image\" \/>\n<meta name=\"twitter:label1\" content=\"Gesch\u00e4tzte Lesezeit\" \/>\n\t<meta name=\"twitter:data1\" content=\"1\u00a0Minute\" \/>\n<script type=\"application\/ld+json\" class=\"yoast-schema-graph\">{\"@context\":\"https:\/\/schema.org\",\"@graph\":[{\"@type\":\"WebPage\",\"@id\":\"https:\/\/venex.cz\/\",\"url\":\"https:\/\/venex.cz\/\",\"name\":\"Homepage | Venex - kovo s r.o.\",\"isPartOf\":{\"@id\":\"https:\/\/venex.cz\/#website\"},\"datePublished\":\"2019-01-12T18:24:30+00:00\",\"dateModified\":\"2021-10-07T19:00:44+00:00\",\"breadcrumb\":{\"@id\":\"https:\/\/venex.cz\/#breadcrumb\"},\"inLanguage\":\"de\",\"potentialAction\":[{\"@type\":\"ReadAction\",\"target\":[\"https:\/\/venex.cz\/\"]}]},{\"@type\":\"BreadcrumbList\",\"@id\":\"https:\/\/venex.cz\/#breadcrumb\",\"itemListElement\":[{\"@type\":\"ListItem\",\"position\":1,\"name\":\"Dom\u016f\",\"item\":\"https:\/\/venex.cz\/\"},{\"@type\":\"ListItem\",\"position\":2,\"name\":\"Homepage\"}]},{\"@type\":\"WebSite\",\"@id\":\"https:\/\/venex.cz\/#website\",\"url\":\"https:\/\/venex.cz\/\",\"name\":\"Venex - kovo s r.o.\",\"description\":\"V\u00fdrobn\u011b mont\u00e1\u017en\u00ed firma zab\u00fdvaj\u00edc\u00ed se kovov\u00fdrobou\",\"publisher\":{\"@id\":\"https:\/\/venex.cz\/#organization\"},\"potentialAction\":[{\"@type\":\"SearchAction\",\"target\":{\"@type\":\"EntryPoint\",\"urlTemplate\":\"https:\/\/venex.cz\/?s={search_term_string}\"},\"query-input\":\"required name=search_term_string\"}],\"inLanguage\":\"de\"},{\"@type\":\"Organization\",\"@id\":\"https:\/\/venex.cz\/#organization\",\"name\":\"VENEX - kovo s.r.o.\",\"url\":\"https:\/\/venex.cz\/\",\"logo\":{\"@type\":\"ImageObject\",\"inLanguage\":\"de\",\"@id\":\"https:\/\/venex.cz\/#\/schema\/logo\/image\/\",\"url\":\"https:\/\/venex.cz\/wp-content\/uploads\/2019\/01\/venex-e1547314002725.png\",\"contentUrl\":\"https:\/\/venex.cz\/wp-content\/uploads\/2019\/01\/venex-e1547314002725.png\",\"width\":150,\"height\":44,\"caption\":\"VENEX - kovo s.r.o.\"},\"image\":{\"@id\":\"https:\/\/venex.cz\/#\/schema\/logo\/image\/\"}}]}<\/script>\n<!-- \/ Yoast SEO plugin. -->","yoast_head_json":{"title":"Homepage | Venex - kovo s r.o.","robots":{"index":"index","follow":"follow","max-snippet":"max-snippet:-1","max-image-preview":"max-image-preview:large","max-video-preview":"max-video-preview:-1"},"canonical":"https:\/\/venex.cz\/de\/","og_locale":"de_DE","og_type":"article","og_title":"Homepage | Venex - kovo s r.o.","og_description":"V\u00edtejte na str\u00e1nk\u00e1ch spole\u010dnosti VENEX &#8211; kovo s r.o. 32 16 100 center alignmiddle Kontaktujte n\u00e1s Kontakt # O n\u00e1s \u010c\u00cdM SE ZAB\u00ddV\u00c1ME? Spole\u010dnost VENEX \u2013 kovo s.r.o. se zab\u00fdv\u00e1 zak\u00e1zkovou kovov\u00fdrobou p\u0159es 25 let. {&#8222;top&#8220;:&#8220;0&#8243;,&#8220;right&#8220;:&#8220;0&#8243;,&#8220;bottom&#8220;:&#8220;0&#8243;,&#8220;left&#8220;:&#8220;0&#8243;,&#8220;unit&#8220;:&#8220;px&#8220;} {&#8222;top&#8220;:&#8220;0&#8243;,&#8220;right&#8220;:&#8220;0&#8243;,&#8220;bottom&#8220;:&#8220;0&#8243;,&#8220;left&#8220;:&#8220;0&#8243;,&#8220;unit&#8220;:&#8220;px&#8220;} about Co v\u00e1m nab\u00edz\u00edme? Pro domluvu a kalkulaci n\u00e1s pros\u00edm kontaktujte. Sva\u0159ov\u00e1n\u00ed N\u00e1\u0161 hlavn\u00ed program V\u00fdroba p\u0159esn\u00fdch sva\u0159enc\u016f [&hellip;]","og_url":"https:\/\/venex.cz\/de\/","og_site_name":"Venex - kovo s r.o.","article_modified_time":"2021-10-07T19:00:44+00:00","og_image":[{"url":"http:\/\/venex.cz\/wp-content\/uploads\/2019\/01\/home-1600x600.png"}],"twitter_card":"summary_large_image","twitter_misc":{"Gesch\u00e4tzte Lesezeit":"1\u00a0Minute"},"schema":{"@context":"https:\/\/schema.org","@graph":[{"@type":"WebPage","@id":"https:\/\/venex.cz\/","url":"https:\/\/venex.cz\/","name":"Homepage | Venex - kovo s r.o.","isPartOf":{"@id":"https:\/\/venex.cz\/#website"},"datePublished":"2019-01-12T18:24:30+00:00","dateModified":"2021-10-07T19:00:44+00:00","breadcrumb":{"@id":"https:\/\/venex.cz\/#breadcrumb"},"inLanguage":"de","potentialAction":[{"@type":"ReadAction","target":["https:\/\/venex.cz\/"]}]},{"@type":"BreadcrumbList","@id":"https:\/\/venex.cz\/#breadcrumb","itemListElement":[{"@type":"ListItem","position":1,"name":"Dom\u016f","item":"https:\/\/venex.cz\/"},{"@type":"ListItem","position":2,"name":"Homepage"}]},{"@type":"WebSite","@id":"https:\/\/venex.cz\/#website","url":"https:\/\/venex.cz\/","name":"Venex - kovo s r.o.","description":"V\u00fdrobn\u011b mont\u00e1\u017en\u00ed firma zab\u00fdvaj\u00edc\u00ed se kovov\u00fdrobou","publisher":{"@id":"https:\/\/venex.cz\/#organization"},"potentialAction":[{"@type":"SearchAction","target":{"@type":"EntryPoint","urlTemplate":"https:\/\/venex.cz\/?s={search_term_string}"},"query-input":"required name=search_term_string"}],"inLanguage":"de"},{"@type":"Organization","@id":"https:\/\/venex.cz\/#organization","name":"VENEX - kovo s.r.o.","url":"https:\/\/venex.cz\/","logo":{"@type":"ImageObject","inLanguage":"de","@id":"https:\/\/venex.cz\/#\/schema\/logo\/image\/","url":"https:\/\/venex.cz\/wp-content\/uploads\/2019\/01\/venex-e1547314002725.png","contentUrl":"https:\/\/venex.cz\/wp-content\/uploads\/2019\/01\/venex-e1547314002725.png","width":150,"height":44,"caption":"VENEX - kovo s.r.o."},"image":{"@id":"https:\/\/venex.cz\/#\/schema\/logo\/image\/"}}]}},"_links":{"self":[{"href":"https:\/\/venex.cz\/de\/wp-json\/wp\/v2\/pages\/263","targetHints":{"allow":["GET"]}}],"collection":[{"href":"https:\/\/venex.cz\/de\/wp-json\/wp\/v2\/pages"}],"about":[{"href":"https:\/\/venex.cz\/de\/wp-json\/wp\/v2\/types\/page"}],"author":[{"embeddable":true,"href":"https:\/\/venex.cz\/de\/wp-json\/wp\/v2\/users\/1"}],"replies":[{"embeddable":true,"href":"https:\/\/venex.cz\/de\/wp-json\/wp\/v2\/comments?post=263"}],"version-history":[{"count":42,"href":"https:\/\/venex.cz\/de\/wp-json\/wp\/v2\/pages\/263\/revisions"}],"predecessor-version":[{"id":498,"href":"https:\/\/venex.cz\/de\/wp-json\/wp\/v2\/pages\/263\/revisions\/498"}],"wp:attachment":[{"href":"https:\/\/venex.cz\/de\/wp-json\/wp\/v2\/media?parent=263"}],"curies":[{"name":"wp","href":"https:\/\/api.w.org\/{rel}","templated":true}]}}