{"id":318,"date":"2019-01-12T20:34:31","date_gmt":"2019-01-12T19:34:31","guid":{"rendered":"http:\/\/venex.cz\/kontakt\/"},"modified":"2021-10-07T21:00:44","modified_gmt":"2021-10-07T19:00:44","slug":"kontakt","status":"publish","type":"page","link":"https:\/\/venex.cz\/de\/kontakt\/","title":{"rendered":"Kontakt"},"content":{"rendered":"<p><!-- epsilon\/shortcodes --><br \/>\nKarte<br \/>\n<div class=\"su-gmap su-u-responsive-media-yes\"><iframe loading=\"lazy\" width=\"600\" height=\"400\" src=\"\/\/maps.google.com\/maps?q=Prvom%C3%A1jov%C3%A1%20558%2F126%26lt%3Bbr%20%2F%26gt%3B%0A322%2000%2C%20Plze%C5%88%20%E2%80%93%20K%C5%99imice&amp;output=embed\" title=\"\"><\/iframe><\/div>\n<!-- \/epsilon\/shortcodes --><\/p>\n<p><!-- epsilon\/shortcodes --><br \/>\nHaben Sie Fragen?<br \/>\n<div class=\"wpforms-container wpforms-container-full\" id=\"wpforms-296\"><form id=\"wpforms-form-296\" class=\"wpforms-validate wpforms-form\" data-formid=\"296\" method=\"post\" enctype=\"multipart\/form-data\" action=\"\/de\/wp-json\/wp\/v2\/pages\/318\" data-token=\"12230090de668c760d3f2f93ca8fce3c\" data-token-time=\"1777548808\" data-trp-original-action=\"\/de\/wp-json\/wp\/v2\/pages\/318\"><noscript class=\"wpforms-error-noscript\">Bitte aktiviere JavaScript in deinem Browser, um dieses Formular fertigzustellen.<\/noscript><div class=\"wpforms-field-container\"><div id=\"wpforms-296-field_0-container\" class=\"wpforms-field wpforms-field-name\" data-field-id=\"0\"><label class=\"wpforms-field-label\" for=\"wpforms-296-field_0\">Name <span class=\"wpforms-required-label\">*<\/span><\/label><input type=\"text\" id=\"wpforms-296-field_0\" class=\"wpforms-field-small wpforms-field-required\" name=\"wpforms[fields][0]\" placeholder=\"Vorname Nachname\" required><\/div><div id=\"wpforms-296-field_1-container\" class=\"wpforms-field wpforms-field-email\" data-field-id=\"1\"><label class=\"wpforms-field-label\" for=\"wpforms-296-field_1\">E-mail Adresse <span class=\"wpforms-required-label\">*<\/span><\/label><input type=\"email\" id=\"wpforms-296-field_1\" class=\"wpforms-field-small wpforms-field-required\" name=\"wpforms[fields][1]\" placeholder=\"adresse@example.com\" spellcheck=\"false\" required><\/div><div id=\"wpforms-296-field_2-container\" class=\"wpforms-field wpforms-field-textarea\" data-field-id=\"2\"><label class=\"wpforms-field-label\" for=\"wpforms-296-field_2\">Frage <span class=\"wpforms-required-label\">*<\/span><\/label><textarea id=\"wpforms-296-field_2\" class=\"wpforms-field-medium wpforms-field-required\" name=\"wpforms[fields][2]\" placeholder=\"Text\" required><\/textarea><\/div><\/div><!-- .wpforms-field-container --><div class=\"wpforms-field wpforms-field-hp\"><label for=\"wpforms-296-field-hp\" class=\"wpforms-field-label\">Message<\/label><input type=\"text\" name=\"wpforms[hp]\" id=\"wpforms-296-field-hp\" class=\"wpforms-field-medium\"><\/div><div class=\"wpforms-submit-container\" ><input type=\"hidden\" name=\"wpforms[id]\" value=\"296\"><input type=\"hidden\" name=\"page_title\" value=\"\"><input type=\"hidden\" name=\"page_url\" value=\"https:\/\/venex.cz\/de\/wp-json\/wp\/v2\/pages\/318\"><button type=\"submit\" name=\"wpforms[submit]\" id=\"wpforms-submit-296\" class=\"wpforms-submit\" data-alt-text=\"Odes\u00edl\u00e1n\u00ed...\" data-submit-text=\"Odeslat\" aria-live=\"assertive\" value=\"wpforms-submit\">Senden<\/button><\/div><input type=\"hidden\" name=\"trp-form-language\" value=\"de\"\/><\/form><\/div>  <!-- .wpforms-container -->\ncontactform<br \/>\n<!-- \/epsilon\/shortcodes --><\/p>\n<p><!-- epsilon\/contact --><br \/>\nKontakt an Gesch\u00e4ftsf\u00fchrer<br \/>\nMgr. Lubo\u0161 Vra\u0161til<br \/>\nTel.: +420 724 104 543<br \/>\nE-Mail: vrastil@venex.cz<br \/>\n&#8212;<br \/>\nAndere E-Mail: info@venex.cz<br \/>\n<!-- \/epsilon\/contact --><\/p>","protected":false},"excerpt":{"rendered":"<p>Mapa M\u00e1te dotaz? contactform Kontakt na jednatele Mgr. Lubo\u0161 Vra\u0161til Tel.: +420 724 104 543 E-Mail: vrastil@venex.cz &#8212; Dal\u0161\u00ed mail: info@venex.cz<\/p>","protected":false},"author":1,"featured_media":0,"parent":0,"menu_order":0,"comment_status":"closed","ping_status":"closed","template":"","meta":{"footnotes":""},"class_list":["post-318","page","type-page","status-publish","hentry"],"yoast_head":"<!-- This site is optimized with the Yoast SEO plugin v20.4 - https:\/\/yoast.com\/wordpress\/plugins\/seo\/ -->\n<title>Kontakt | Venex - kovo s r.o.<\/title>\n<meta name=\"robots\" content=\"index, follow, max-snippet:-1, max-image-preview:large, max-video-preview:-1\" \/>\n<link rel=\"canonical\" href=\"https:\/\/venex.cz\/de\/kontakt\/\" \/>\n<meta property=\"og:locale\" content=\"de_DE\" \/>\n<meta property=\"og:type\" content=\"article\" \/>\n<meta property=\"og:title\" content=\"Kontakt | Venex - kovo s r.o.\" \/>\n<meta property=\"og:description\" content=\"Mapa M\u00e1te dotaz? contactform Kontakt na jednatele Mgr. Lubo\u0161 Vra\u0161til Tel.: +420 724 104 543 E-Mail: vrastil@venex.cz &#8212; Dal\u0161\u00ed mail: info@venex.cz\" \/>\n<meta property=\"og:url\" content=\"https:\/\/venex.cz\/de\/kontakt\/\" \/>\n<meta property=\"og:site_name\" content=\"Venex - kovo s r.o.\" \/>\n<meta property=\"article:modified_time\" content=\"2021-10-07T19:00:44+00:00\" \/>\n<meta name=\"twitter:card\" content=\"summary_large_image\" \/>\n<script type=\"application\/ld+json\" class=\"yoast-schema-graph\">{\"@context\":\"https:\/\/schema.org\",\"@graph\":[{\"@type\":\"WebPage\",\"@id\":\"https:\/\/venex.cz\/kontakt\/\",\"url\":\"https:\/\/venex.cz\/kontakt\/\",\"name\":\"Kontakt | Venex - kovo s r.o.\",\"isPartOf\":{\"@id\":\"https:\/\/venex.cz\/#website\"},\"datePublished\":\"2019-01-12T19:34:31+00:00\",\"dateModified\":\"2021-10-07T19:00:44+00:00\",\"breadcrumb\":{\"@id\":\"https:\/\/venex.cz\/kontakt\/#breadcrumb\"},\"inLanguage\":\"de\",\"potentialAction\":[{\"@type\":\"ReadAction\",\"target\":[\"https:\/\/venex.cz\/kontakt\/\"]}]},{\"@type\":\"BreadcrumbList\",\"@id\":\"https:\/\/venex.cz\/kontakt\/#breadcrumb\",\"itemListElement\":[{\"@type\":\"ListItem\",\"position\":1,\"name\":\"Dom\u016f\",\"item\":\"https:\/\/venex.cz\/\"},{\"@type\":\"ListItem\",\"position\":2,\"name\":\"Kontakt\"}]},{\"@type\":\"WebSite\",\"@id\":\"https:\/\/venex.cz\/#website\",\"url\":\"https:\/\/venex.cz\/\",\"name\":\"Venex - kovo s r.o.\",\"description\":\"V\u00fdrobn\u011b mont\u00e1\u017en\u00ed firma zab\u00fdvaj\u00edc\u00ed se kovov\u00fdrobou\",\"publisher\":{\"@id\":\"https:\/\/venex.cz\/#organization\"},\"potentialAction\":[{\"@type\":\"SearchAction\",\"target\":{\"@type\":\"EntryPoint\",\"urlTemplate\":\"https:\/\/venex.cz\/?s={search_term_string}\"},\"query-input\":\"required name=search_term_string\"}],\"inLanguage\":\"de\"},{\"@type\":\"Organization\",\"@id\":\"https:\/\/venex.cz\/#organization\",\"name\":\"VENEX - kovo s.r.o.\",\"url\":\"https:\/\/venex.cz\/\",\"logo\":{\"@type\":\"ImageObject\",\"inLanguage\":\"de\",\"@id\":\"https:\/\/venex.cz\/#\/schema\/logo\/image\/\",\"url\":\"https:\/\/venex.cz\/wp-content\/uploads\/2019\/01\/venex-e1547314002725.png\",\"contentUrl\":\"https:\/\/venex.cz\/wp-content\/uploads\/2019\/01\/venex-e1547314002725.png\",\"width\":150,\"height\":44,\"caption\":\"VENEX - kovo s.r.o.\"},\"image\":{\"@id\":\"https:\/\/venex.cz\/#\/schema\/logo\/image\/\"}}]}<\/script>\n<!-- \/ Yoast SEO plugin. -->","yoast_head_json":{"title":"Kontakt | Venex - kovo s r.o.","robots":{"index":"index","follow":"follow","max-snippet":"max-snippet:-1","max-image-preview":"max-image-preview:large","max-video-preview":"max-video-preview:-1"},"canonical":"https:\/\/venex.cz\/de\/kontakt\/","og_locale":"de_DE","og_type":"article","og_title":"Kontakt | Venex - kovo s r.o.","og_description":"Mapa M\u00e1te dotaz? contactform Kontakt na jednatele Mgr. Lubo\u0161 Vra\u0161til Tel.: +420 724 104 543 E-Mail: vrastil@venex.cz &#8212; Dal\u0161\u00ed mail: info@venex.cz","og_url":"https:\/\/venex.cz\/de\/kontakt\/","og_site_name":"Venex - kovo s r.o.","article_modified_time":"2021-10-07T19:00:44+00:00","twitter_card":"summary_large_image","schema":{"@context":"https:\/\/schema.org","@graph":[{"@type":"WebPage","@id":"https:\/\/venex.cz\/kontakt\/","url":"https:\/\/venex.cz\/kontakt\/","name":"Kontakt | Venex - kovo s r.o.","isPartOf":{"@id":"https:\/\/venex.cz\/#website"},"datePublished":"2019-01-12T19:34:31+00:00","dateModified":"2021-10-07T19:00:44+00:00","breadcrumb":{"@id":"https:\/\/venex.cz\/kontakt\/#breadcrumb"},"inLanguage":"de","potentialAction":[{"@type":"ReadAction","target":["https:\/\/venex.cz\/kontakt\/"]}]},{"@type":"BreadcrumbList","@id":"https:\/\/venex.cz\/kontakt\/#breadcrumb","itemListElement":[{"@type":"ListItem","position":1,"name":"Dom\u016f","item":"https:\/\/venex.cz\/"},{"@type":"ListItem","position":2,"name":"Kontakt"}]},{"@type":"WebSite","@id":"https:\/\/venex.cz\/#website","url":"https:\/\/venex.cz\/","name":"Venex - kovo s r.o.","description":"V\u00fdrobn\u011b mont\u00e1\u017en\u00ed firma zab\u00fdvaj\u00edc\u00ed se kovov\u00fdrobou","publisher":{"@id":"https:\/\/venex.cz\/#organization"},"potentialAction":[{"@type":"SearchAction","target":{"@type":"EntryPoint","urlTemplate":"https:\/\/venex.cz\/?s={search_term_string}"},"query-input":"required name=search_term_string"}],"inLanguage":"de"},{"@type":"Organization","@id":"https:\/\/venex.cz\/#organization","name":"VENEX - kovo s.r.o.","url":"https:\/\/venex.cz\/","logo":{"@type":"ImageObject","inLanguage":"de","@id":"https:\/\/venex.cz\/#\/schema\/logo\/image\/","url":"https:\/\/venex.cz\/wp-content\/uploads\/2019\/01\/venex-e1547314002725.png","contentUrl":"https:\/\/venex.cz\/wp-content\/uploads\/2019\/01\/venex-e1547314002725.png","width":150,"height":44,"caption":"VENEX - kovo s.r.o."},"image":{"@id":"https:\/\/venex.cz\/#\/schema\/logo\/image\/"}}]}},"_links":{"self":[{"href":"https:\/\/venex.cz\/de\/wp-json\/wp\/v2\/pages\/318","targetHints":{"allow":["GET"]}}],"collection":[{"href":"https:\/\/venex.cz\/de\/wp-json\/wp\/v2\/pages"}],"about":[{"href":"https:\/\/venex.cz\/de\/wp-json\/wp\/v2\/types\/page"}],"author":[{"embeddable":true,"href":"https:\/\/venex.cz\/de\/wp-json\/wp\/v2\/users\/1"}],"replies":[{"embeddable":true,"href":"https:\/\/venex.cz\/de\/wp-json\/wp\/v2\/comments?post=318"}],"version-history":[{"count":9,"href":"https:\/\/venex.cz\/de\/wp-json\/wp\/v2\/pages\/318\/revisions"}],"predecessor-version":[{"id":467,"href":"https:\/\/venex.cz\/de\/wp-json\/wp\/v2\/pages\/318\/revisions\/467"}],"wp:attachment":[{"href":"https:\/\/venex.cz\/de\/wp-json\/wp\/v2\/media?parent=318"}],"curies":[{"name":"wp","href":"https:\/\/api.w.org\/{rel}","templated":true}]}}